{"id":433,"date":"2020-02-11T11:37:46","date_gmt":"2020-02-11T14:37:46","guid":{"rendered":"http:\/\/tijotelha.com.br\/?post_type=product&#038;p=433"},"modified":"2020-10-08T14:00:14","modified_gmt":"2020-10-08T17:00:14","slug":"tijolo-macico-ceramico-53x115x24","status":"publish","type":"product","link":"https:\/\/tijotelha.com.br\/index.php\/produto\/tijolo-macico-ceramico-53x115x24\/","title":{"rendered":"Tijolo Maci\u00e7o Cer\u00e2mico 5,3&#215;11,5&#215;24"},"content":{"rendered":"","protected":false},"excerpt":{"rendered":"<p>Rendimento: 60 pe\u00e7as por m\u00b2<\/p>\n","protected":false},"featured_media":434,"template":"","meta":{"_monsterinsights_skip_tracking":false,"_monsterinsights_sitenote_active":false,"_monsterinsights_sitenote_note":"","_monsterinsights_sitenote_category":0},"product_brand":[],"product_cat":[24,101],"product_tag":[161,102,29,108],"class_list":{"0":"post-433","1":"product","2":"type-product","3":"status-publish","4":"has-post-thumbnail","6":"product_cat-tijolos","7":"product_cat-tijolos-avista","8":"product_tag-barro-ceramico","9":"product_tag-tijolo-avista","10":"product_tag-tijolo-ceramico","11":"product_tag-tijolo-vermelho","13":"first","14":"instock","15":"shipping-taxable","16":"product-type-simple"},"aioseo_notices":[],"_links":{"self":[{"href":"https:\/\/tijotelha.com.br\/index.php\/wp-json\/wp\/v2\/product\/433","targetHints":{"allow":["GET"]}}],"collection":[{"href":"https:\/\/tijotelha.com.br\/index.php\/wp-json\/wp\/v2\/product"}],"about":[{"href":"https:\/\/tijotelha.com.br\/index.php\/wp-json\/wp\/v2\/types\/product"}],"wp:featuredmedia":[{"embeddable":true,"href":"https:\/\/tijotelha.com.br\/index.php\/wp-json\/wp\/v2\/media\/434"}],"wp:attachment":[{"href":"https:\/\/tijotelha.com.br\/index.php\/wp-json\/wp\/v2\/media?parent=433"}],"wp:term":[{"taxonomy":"product_brand","embeddable":true,"href":"https:\/\/tijotelha.com.br\/index.php\/wp-json\/wp\/v2\/product_brand?post=433"},{"taxonomy":"product_cat","embeddable":true,"href":"https:\/\/tijotelha.com.br\/index.php\/wp-json\/wp\/v2\/product_cat?post=433"},{"taxonomy":"product_tag","embeddable":true,"href":"https:\/\/tijotelha.com.br\/index.php\/wp-json\/wp\/v2\/product_tag?post=433"}],"curies":[{"name":"wp","href":"https:\/\/api.w.org\/{rel}","templated":true}]}}