{"id":382,"date":"2019-07-18T11:09:27","date_gmt":"2019-07-18T14:09:27","guid":{"rendered":"http:\/\/tijotelha.com.br\/?post_type=product&#038;p=382"},"modified":"2020-10-08T14:04:13","modified_gmt":"2020-10-08T17:04:13","slug":"elemento-vazado-losango-branco-mescla","status":"publish","type":"product","link":"https:\/\/tijotelha.com.br\/index.php\/produto\/elemento-vazado-losango-branco-mescla\/","title":{"rendered":"Elemento Vazado Losango Branco\/Mescla"},"content":{"rendered":"","protected":false},"excerpt":{"rendered":"<p>Elemento vazado losango branco\/mesclado<\/p>\n<p>Op\u00e7\u00f5es:<\/p>\n<p>Reto: 10x16x16<\/p>\n<p>Diagonal: 10x16x16<\/p>\n<p>Rendimento 35 pe\u00e7as por m\u00b2<\/p>\n<p>Tamb\u00e9m dispon\u00edvel na medida de 9x19x19 (Rendimento 25 pe\u00e7as p\/m\u00b2)<\/p>\n","protected":false},"featured_media":383,"template":"","meta":{"_monsterinsights_skip_tracking":false,"_monsterinsights_sitenote_active":false,"_monsterinsights_sitenote_note":"","_monsterinsights_sitenote_category":0},"product_brand":[],"product_cat":[42],"product_tag":[121,44,126,125,124,127,43],"class_list":{"0":"post-382","1":"product","2":"type-product","3":"status-publish","4":"has-post-thumbnail","6":"product_cat-elementos-vazados","7":"product_tag-cobogo","8":"product_tag-elemento-vazado","9":"product_tag-elemento-vazado-branco","10":"product_tag-elemento-vazado-diagonal","11":"product_tag-elemento-vazado-losango","12":"product_tag-elemento-vazado-mesclado","13":"product_tag-elemento-vazado-reto","15":"first","16":"instock","17":"shipping-taxable","18":"product-type-simple"},"aioseo_notices":[],"_links":{"self":[{"href":"https:\/\/tijotelha.com.br\/index.php\/wp-json\/wp\/v2\/product\/382","targetHints":{"allow":["GET"]}}],"collection":[{"href":"https:\/\/tijotelha.com.br\/index.php\/wp-json\/wp\/v2\/product"}],"about":[{"href":"https:\/\/tijotelha.com.br\/index.php\/wp-json\/wp\/v2\/types\/product"}],"wp:featuredmedia":[{"embeddable":true,"href":"https:\/\/tijotelha.com.br\/index.php\/wp-json\/wp\/v2\/media\/383"}],"wp:attachment":[{"href":"https:\/\/tijotelha.com.br\/index.php\/wp-json\/wp\/v2\/media?parent=382"}],"wp:term":[{"taxonomy":"product_brand","embeddable":true,"href":"https:\/\/tijotelha.com.br\/index.php\/wp-json\/wp\/v2\/product_brand?post=382"},{"taxonomy":"product_cat","embeddable":true,"href":"https:\/\/tijotelha.com.br\/index.php\/wp-json\/wp\/v2\/product_cat?post=382"},{"taxonomy":"product_tag","embeddable":true,"href":"https:\/\/tijotelha.com.br\/index.php\/wp-json\/wp\/v2\/product_tag?post=382"}],"curies":[{"name":"wp","href":"https:\/\/api.w.org\/{rel}","templated":true}]}}